{"id":9090,"date":"2023-05-18T10:40:10","date_gmt":"2023-05-18T08:40:10","guid":{"rendered":"https:\/\/metrac.eu\/fl-1000-xt-b-dmx-dim-4000k\/"},"modified":"2023-05-18T10:40:10","modified_gmt":"2023-05-18T08:40:10","slug":"fl-1000-xt-b-dmx-dim-4000k","status":"publish","type":"product","link":"https:\/\/metrac.eu\/fr\/fl-1000-xt-b-dmx-dim-4000k\/","title":{"rendered":"FL 1000 XT B DMX Dim. 4000K"},"content":{"rendered":"<p>G\u00e9n\u00e9rateur de lumi\u00e8re LED \u00e9tanche et r\u00e9sistant aux intemp\u00e9ries. R\u00e9duit la consommation d&rsquo;\u00e9nergie d&rsquo;au moins 63 % par rapport aux g\u00e9n\u00e9rateurs halog\u00e8nes \u00e9quivalents. Pour des t\u00e2ches fonctionnelles et d\u00e9coratives \u00e0 l&rsquo;ext\u00e9rieur et dans des endroits humides. Id\u00e9al pour les fontaines, l&rsquo;art public, les fa\u00e7ades, la signalisation, les parcs, les jardins et les piscines. N&rsquo;OUBLIEZ PAS DE COMMANDER LES PI\u00c8CES DES \u00ab\u00a0ACCESSOIRES\u00a0\u00bb POUR OBTENIR UNE VERSION \u00ab\u00a0PLUG&amp;PLAY\u00a0\u00bb.<\/p>\n","protected":false},"excerpt":{"rendered":"<p>G\u00e9n\u00e9rateur de lumi\u00e8re LED \u00e9tanche et r\u00e9sistant aux intemp\u00e9ries. Pour des t\u00e2ches fonctionnelles et d\u00e9coratives \u00e0 l&rsquo;ext\u00e9rieur et dans des endroits humides. Id\u00e9al pour les fontaines, l&rsquo;art public, les fa\u00e7ades, la signalisation, les parcs, les jardins et les piscines.<\/p>\n<table dir=\"ltr\" border=\"1\" cellspacing=\"0\" cellpadding=\"0\">\n<colgroup>\n<col width=\"128\">\n<col width=\"124\"><\/colgroup>\n<tbody>\n<tr>\n<td data-sheets-value=\"{\"1\":2,\"2\":\"Light source:\"}\"><strong>Source lumineuse :<\/strong><\/td>\n<td data-sheets-value=\"{\"1\":2,\"2\":\"LED 22W\"}\">LED 22W<\/td>\n<\/tr>\n<tr>\n<td data-sheets-value=\"{\"1\":2,\"2\":\"Colour temperature:\"}\"><strong>Colour temperature:<\/strong><\/td>\n<td data-sheets-value=\"{\"1\":2,\"2\":\"4,000 K\"}\">4,000 K<\/td>\n<\/tr>\n<tr>\n<td data-sheets-value=\"{\"1\":2,\"2\":\"Light source CRI:\"}\"><strong>Light source CRI:<\/strong><\/td>\n<td data-sheets-value=\"{\"1\":3,\"3\":85}\">85<\/td>\n<\/tr>\n<tr>\n<td data-sheets-value=\"{\"1\":2,\"2\":\"Protection rating:\"}\"><strong>Protection rating:<\/strong><\/td>\n<td data-sheets-value=\"{\"1\":2,\"2\":\"IP 20\"}\">IP 20<\/td>\n<\/tr>\n<\/tbody>\n<\/table>\n<p>&nbsp;<\/p>\n","protected":false},"featured_media":8070,"comment_status":"closed","ping_status":"closed","template":"","meta":[],"product_cat":[1177,1179,1178],"product_tag":[1180],"class_list":{"0":"post-9090","1":"product","2":"type-product","3":"status-publish","4":"has-post-thumbnail","6":"product_cat-fibre-optic-lighting-products-fr","7":"product_cat-led-outdoor-fr","8":"product_cat-light-generators-fr","9":"product_tag-fl-1000-fr","10":"sales-flash-overlay","11":"woocommerce-text-align-center","12":"woocommerce-image-align-center","13":"do-quantity-buttons","15":"first","16":"instock","17":"taxable","18":"shipping-taxable","19":"product-type-simple"},"_links":{"self":[{"href":"https:\/\/metrac.eu\/fr\/wp-json\/wp\/v2\/product\/9090","targetHints":{"allow":["GET"]}}],"collection":[{"href":"https:\/\/metrac.eu\/fr\/wp-json\/wp\/v2\/product"}],"about":[{"href":"https:\/\/metrac.eu\/fr\/wp-json\/wp\/v2\/types\/product"}],"replies":[{"embeddable":true,"href":"https:\/\/metrac.eu\/fr\/wp-json\/wp\/v2\/comments?post=9090"}],"wp:featuredmedia":[{"embeddable":true,"href":"https:\/\/metrac.eu\/fr\/wp-json\/wp\/v2\/media\/8070"}],"wp:attachment":[{"href":"https:\/\/metrac.eu\/fr\/wp-json\/wp\/v2\/media?parent=9090"}],"wp:term":[{"taxonomy":"product_cat","embeddable":true,"href":"https:\/\/metrac.eu\/fr\/wp-json\/wp\/v2\/product_cat?post=9090"},{"taxonomy":"product_tag","embeddable":true,"href":"https:\/\/metrac.eu\/fr\/wp-json\/wp\/v2\/product_tag?post=9090"}],"curies":[{"name":"wp","href":"https:\/\/api.w.org\/{rel}","templated":true}]}}